{"id":63,"date":"2021-11-11T23:47:41","date_gmt":"2021-11-11T22:47:41","guid":{"rendered":"https:\/\/frenzel-bau.de\/?page_id=63"},"modified":"2021-11-11T23:47:41","modified_gmt":"2021-11-11T22:47:41","slug":"impressum","status":"publish","type":"page","link":"https:\/\/frenzel-bau.de\/?page_id=63","title":{"rendered":"Impressum"},"content":{"rendered":"\n<p><strong>V.I.P. GmbH<\/strong><br>Verkehrsinfrastruktur<br>Planung Beratung Projektmanagement<\/p>\n\n\n\n<p>Tel.:\u00a0\u00a0\u00a0\u00a0\u00a0\u00a0 (+49) 172 754 6024<br>Fax:\u00a0\u00a0\u00a0\u00a0\u00a0\u00a0 (+49) 3222 986 7348<\/p>\n\n\n\n<p>E-Mail:&nbsp;&nbsp;&nbsp;<a href=\"mailto:frenzel@vip-planung.de\" target=\"_blank\" rel=\"noreferrer noopener\">frenzel@vip-planung.de<\/a><\/p>\n\n\n\n<p>Rohstorf 7<br>D-21397 Vastorf<\/p>\n\n\n\n<p>USt.-ID-Nr.:\u00a0\u00a0\u00a0\u00a0\u00a0\u00a0\u00a0\u00a0\u00a0\u00a0\u00a0\u00a0\u00a0\u00a0\u00a0\u00a0\u00a0\u00a0 DE 254636054\u00a0\u00a0\u00a0\u00a0\u00a0\u00a0\u00a0\u00a0\u00a0\u00a0\u00a0\u00a0 HRB 107458<br>Gesch\u00e4ftsf\u00fchrer: \u00a0\u00a0\u00a0\u00a0\u00a0\u00a0\u00a0 J\u00f6rg Frenzel\u00a0\u00a0\u00a0\u00a0\u00a0\u00a0 \u00a0\u00a0\u00a0\u00a0\u00a0\u00a0\u00a0\u00a0\u00a0\u00a0 Amtsgericht Charlottenburg<\/p>\n\n\n\n<h2 class=\"wp-block-heading\">Distanzierung von Inhalten externer Links:<\/h2>\n\n\n\n<p>Wir betonen ausdr\u00fccklich, dass wir keinerlei Einfluss auf die aktuelle sowie zuk\u00fcnftige Gestaltung und die Inhalte externer Internetseiten haben. Deshalb distanzieren wir uns hiermit ausdr\u00fccklich von den Inhalten aller externen Internetseiten, auf die wir auf unserer Website mit Links verweisen. Die Inhalte externer Internetseiten machen wir uns nicht zu Eigen. Diese Erkl\u00e4rung gilt f\u00fcr alle Seiten dieser Homepage und der dort angebrachten Links. F\u00fcr illegale, fehlerhafte oder unvollst\u00e4ndige Informationen sowie insbesondere f\u00fcr Sch\u00e4den durch die Nutzung der gelinkten Seiten haftet ausschlie\u00dflich der Anbieter der Seite, auf welche verwiesen wird, nicht derjenige der \u00fcber Links lediglich auf die jeweilige Ver\u00f6ffentlichung verweist.<\/p>\n","protected":false},"excerpt":{"rendered":"<p>V.I.P. GmbHVerkehrsinfrastrukturPlanung Beratung Projektmanagement Tel.:\u00a0\u00a0\u00a0\u00a0\u00a0\u00a0 (+49) 172 754 6024Fax:\u00a0\u00a0\u00a0\u00a0\u00a0\u00a0 (+49) 3222 986 7348 E-Mail:&nbsp;&nbsp;&nbsp;frenzel@vip-planung.de Rohstorf 7D-21397 Vastorf USt.-ID-Nr.:\u00a0\u00a0\u00a0\u00a0\u00a0\u00a0\u00a0\u00a0\u00a0\u00a0\u00a0\u00a0\u00a0\u00a0\u00a0\u00a0\u00a0\u00a0 DE 254636054\u00a0\u00a0\u00a0\u00a0\u00a0\u00a0\u00a0\u00a0\u00a0\u00a0\u00a0\u00a0 HRB 107458Gesch\u00e4ftsf\u00fchrer: \u00a0\u00a0\u00a0\u00a0\u00a0\u00a0\u00a0 J\u00f6rg Frenzel\u00a0\u00a0\u00a0\u00a0\u00a0\u00a0 \u00a0\u00a0\u00a0\u00a0\u00a0\u00a0\u00a0\u00a0\u00a0\u00a0 Amtsgericht Charlottenburg Distanzierung von Inhalten externer Links: Wir betonen ausdr\u00fccklich, dass wir keinerlei Einfluss auf die aktuelle sowie zuk\u00fcnftige Gestaltung und die Inhalte externer Internetseiten haben. Deshalb distanzieren wir &hellip; <\/p>\n<p class=\"link-more\"><a href=\"https:\/\/frenzel-bau.de\/?page_id=63\" class=\"more-link\"><span class=\"screen-reader-text\">\u201eImpressum\u201c <\/span>weiterlesen<\/a><\/p>\n","protected":false},"author":1,"featured_media":0,"parent":0,"menu_order":0,"comment_status":"closed","ping_status":"closed","template":"","meta":{"footnotes":""},"class_list":["post-63","page","type-page","status-publish","hentry"],"_links":{"self":[{"href":"https:\/\/frenzel-bau.de\/index.php?rest_route=\/wp\/v2\/pages\/63","targetHints":{"allow":["GET"]}}],"collection":[{"href":"https:\/\/frenzel-bau.de\/index.php?rest_route=\/wp\/v2\/pages"}],"about":[{"href":"https:\/\/frenzel-bau.de\/index.php?rest_route=\/wp\/v2\/types\/page"}],"author":[{"embeddable":true,"href":"https:\/\/frenzel-bau.de\/index.php?rest_route=\/wp\/v2\/users\/1"}],"replies":[{"embeddable":true,"href":"https:\/\/frenzel-bau.de\/index.php?rest_route=%2Fwp%2Fv2%2Fcomments&post=63"}],"version-history":[{"count":1,"href":"https:\/\/frenzel-bau.de\/index.php?rest_route=\/wp\/v2\/pages\/63\/revisions"}],"predecessor-version":[{"id":64,"href":"https:\/\/frenzel-bau.de\/index.php?rest_route=\/wp\/v2\/pages\/63\/revisions\/64"}],"wp:attachment":[{"href":"https:\/\/frenzel-bau.de\/index.php?rest_route=%2Fwp%2Fv2%2Fmedia&parent=63"}],"curies":[{"name":"wp","href":"https:\/\/api.w.org\/{rel}","templated":true}]}}